{"id":4663,"date":"2015-05-26T11:34:23","date_gmt":"2015-05-26T11:34:23","guid":{"rendered":"http:\/\/2016.ride2freedom.org\/fr\/donate\/"},"modified":"2015-12-01T00:52:08","modified_gmt":"2015-12-01T00:52:08","slug":"donate","status":"publish","type":"page","link":"http:\/\/www.ride2freedom.org\/fr\/donate\/","title":{"rendered":"Faire un don"},"content":{"rendered":"<p>Ride2Freedom est un projet des Amis du Falun Gong aux Etats-Unis (<a href=\"http:\/\/fofg.org\/\">FoFG USA<\/a>), qui est une association \u00e0 but non lucratif fond\u00e9e en 2000 par des Am\u00e9ricains soucieux.<\/p>\n<p>La mission de FoFG est de soutenir la libert\u00e9 de croyance des gens qui pratiquent le Falun Gong. FoFG croit que les gens partout dans le monde devraient avoir le droit de pratiquer le Falun Gong (aussi appel\u00e9 Falun Dafa, une discipline spirituelle qui inclut la non-violence. FoFG USA a pour but d\u2019emp\u00eacher et de faire cesser les violations du droit de pratiquer le Falun Gong ouvertement, librement et dignement dans le monde entier.<\/p>\n<h2>Formes de dons:<\/h2>\n<h3>1.\u00a0Envoyer un ch\u00e8que ou un mandat aux Friends of Falun Gong USA<\/h3>\n<p>Veuillez svp pr\u00e9ciser que le don est adress\u00e9 \u00e0 Ride2Freedom et adresser un courriel \u00e0\u00a0:<\/p>\n<address>Friends of Falun Gong USA<br \/>\n24 W. Railroad Avenue,\u2028 # 124<br \/>\nTenafly, NJ 07670<\/address>\n<h3>2. Don en ligne par Paypal ( pour un don inf\u00e9rieur \u00e0 $1000)<\/h3>\n<p>Afin de permettre une participation en ligne simple et s\u00e9curis\u00e9e, FoFG USA a ouvert un compte Paypal. Paypal est largement utilis\u00e9e comme moyen s\u00fbr et s\u00e9curis\u00e9 d\u2019envoyer et de recevoir de l\u2019argent en ligne.<\/p>\n<p>Pour faire un don en utilisant Paypal, veuillez \u00a0cliquer sur le lien ci-dessous, puis cliquez sur \u00ab\u00a0Donate to FoFG USA\u00a0\u00bb \u00e0 la page suivante. Veuillez vous assurer que vous avez pr\u00e9cis\u00e9 que les fonds s\u2019adressent \u00e0 Ride2freedom.<\/p>\n<h2><strong><a class=\"btn btn-cta btn-cta-magenta\" href=\"http:\/\/fofg.org\/act-now\/donate\/\" target=\"_blank\">Faire un don \u00e0 Ride2Freedom<\/a><\/strong><\/h2>\n<p><em>Merci pour votre g\u00e9n\u00e9rosit\u00e9 ! Si vous avez des questions, veuillez visiter le site <\/em><a href=\"http:\/\/fofg.org\/about-us\/\"><em>FoFG USA\u2019s About Us<\/em><\/a> <em>pour nous contacter.<\/em><\/p>\n","protected":false},"excerpt":{"rendered":"<p>Ride2Freedom est un projet des Amis du Falun Gong aux Etats-Unis (FoFG USA), qui est une association \u00e0 but non lucratif fond\u00e9e en 2000 par des Am\u00e9ricains soucieux. La mission de FoFG est de soutenir la libert\u00e9 de croyance des gens qui pratiquent le Falun Gong. FoFG croit que les gens partout dans le monde [&hellip;]<\/p>\n","protected":false},"author":1,"featured_media":0,"parent":0,"menu_order":0,"comment_status":"open","ping_status":"open","template":"","meta":{"ngg_post_thumbnail":0},"amp_validity":null,"amp_enabled":true,"_links":{"self":[{"href":"http:\/\/www.ride2freedom.org\/fr\/wp-json\/wp\/v2\/pages\/4663"}],"collection":[{"href":"http:\/\/www.ride2freedom.org\/fr\/wp-json\/wp\/v2\/pages"}],"about":[{"href":"http:\/\/www.ride2freedom.org\/fr\/wp-json\/wp\/v2\/types\/page"}],"author":[{"embeddable":true,"href":"http:\/\/www.ride2freedom.org\/fr\/wp-json\/wp\/v2\/users\/1"}],"replies":[{"embeddable":true,"href":"http:\/\/www.ride2freedom.org\/fr\/wp-json\/wp\/v2\/comments?post=4663"}],"version-history":[{"count":3,"href":"http:\/\/www.ride2freedom.org\/fr\/wp-json\/wp\/v2\/pages\/4663\/revisions"}],"predecessor-version":[{"id":4666,"href":"http:\/\/www.ride2freedom.org\/fr\/wp-json\/wp\/v2\/pages\/4663\/revisions\/4666"}],"wp:attachment":[{"href":"http:\/\/www.ride2freedom.org\/fr\/wp-json\/wp\/v2\/media?parent=4663"}],"curies":[{"name":"wp","href":"https:\/\/api.w.org\/{rel}","templated":true}]}}